{"id":30,"date":"2023-05-12T11:13:05","date_gmt":"2023-05-12T11:13:05","guid":{"rendered":"https:\/\/incendiealliance.com\/?page_id=30"},"modified":"2024-06-15T21:07:48","modified_gmt":"2024-06-15T21:07:48","slug":"contact","status":"publish","type":"page","link":"https:\/\/incendiealliance.com\/en\/contact\/","title":{"rendered":"Contact"},"content":{"rendered":"<div data-elementor-type=\"wp-page\" data-elementor-id=\"30\" class=\"elementor elementor-30\" data-elementor-post-type=\"page\">\n\t\t\t\t\t\t<section class=\"elementor-section elementor-top-section elementor-element elementor-element-f5f8083 elementor-section-height-min-height elementor-section-boxed elementor-section-height-default elementor-section-items-middle\" data-id=\"f5f8083\" data-element_type=\"section\" data-settings=\"{&quot;background_background&quot;:&quot;classic&quot;}\">\n\t\t\t\t\t\t\t<div class=\"elementor-background-overlay\"><\/div>\n\t\t\t\t\t\t\t<div class=\"elementor-container elementor-column-gap-default\">\n\t\t\t\t\t<div class=\"elementor-column elementor-col-100 elementor-top-column elementor-element elementor-element-3de24b5\" data-id=\"3de24b5\" data-element_type=\"column\">\n\t\t\t<div class=\"elementor-widget-wrap elementor-element-populated\">\n\t\t\t\t\t\t<div class=\"elementor-element elementor-element-e7fc905 elementor-widget elementor-widget-heading\" data-id=\"e7fc905\" data-element_type=\"widget\" data-widget_type=\"heading.default\">\n\t\t\t\t<div class=\"elementor-widget-container\">\n\t\t\t\t\t<h2 class=\"elementor-heading-title elementor-size-default\">CONTACT<\/h2>\t\t\t\t<\/div>\n\t\t\t\t<\/div>\n\t\t\t\t<div class=\"elementor-element elementor-element-7347ad3 elementor-icon-list--layout-inline elementor-align-center elementor-list-item-link-full_width elementor-widget elementor-widget-icon-list\" data-id=\"7347ad3\" data-element_type=\"widget\" data-widget_type=\"icon-list.default\">\n\t\t\t\t<div class=\"elementor-widget-container\">\n\t\t\t\t\t\t\t<ul class=\"elementor-icon-list-items elementor-inline-items\">\n\t\t\t\t\t\t\t<li class=\"elementor-icon-list-item elementor-inline-item\">\n\t\t\t\t\t\t\t\t\t\t\t<span class=\"elementor-icon-list-icon\">\n\t\t\t\t\t\t\t<i aria-hidden=\"true\" class=\"icon icon-home2\"><\/i>\t\t\t\t\t\t<\/span>\n\t\t\t\t\t\t\t\t\t\t<span class=\"elementor-icon-list-text\">Accueil  \/<\/span>\n\t\t\t\t\t\t\t\t\t<\/li>\n\t\t\t\t\t\t\t\t<li class=\"elementor-icon-list-item elementor-inline-item\">\n\t\t\t\t\t\t\t\t\t\t<span class=\"elementor-icon-list-text\">Contact<\/span>\n\t\t\t\t\t\t\t\t\t<\/li>\n\t\t\t\t\t\t<\/ul>\n\t\t\t\t\t\t<\/div>\n\t\t\t\t<\/div>\n\t\t\t\t\t<\/div>\n\t\t<\/div>\n\t\t\t\t\t<\/div>\n\t\t<\/section>\n\t\t\t\t<section class=\"elementor-section elementor-top-section elementor-element elementor-element-ed46dae elementor-section-boxed elementor-section-height-default elementor-section-height-default\" data-id=\"ed46dae\" data-element_type=\"section\">\n\t\t\t\t\t\t<div class=\"elementor-container elementor-column-gap-default\">\n\t\t\t\t\t<div class=\"elementor-column elementor-col-100 elementor-top-column elementor-element elementor-element-2f384c8\" data-id=\"2f384c8\" data-element_type=\"column\">\n\t\t\t<div class=\"elementor-widget-wrap elementor-element-populated\">\n\t\t\t\t\t\t<div class=\"elementor-element elementor-element-1e20b5e elementor-widget elementor-widget-elementskit-heading\" data-id=\"1e20b5e\" data-element_type=\"widget\" data-widget_type=\"elementskit-heading.default\">\n\t\t\t\t<div class=\"elementor-widget-container\">\n\t\t\t\t\t<div class=\"ekit-wid-con\" ><div class=\"ekit-heading elementskit-section-title-wraper text_center   ekit_heading_tablet-   ekit_heading_mobile-\"><h3 class=\"elementskit-section-subtitle\">\n\t\t\t\t\t\tContactez-nous\n\t\t\t\t\t<\/h3><h2 class=\"ekit-heading--title elementskit-section-title\">Nous sommes \u00e0 votre \u00e9coute<\/h2>\t\t\t\t<div class='ekit-heading__description'>\n\t\t\t\t\t<p>Vous d\u00e9sirez prendre rendez-vous ? Vous ne trouvez pas le service que vous cherchez ? Des questions, des commentaires ?<br \/>Nos horaires de service \u00e0 la client\u00e8le sont indiqu\u00e9s ci-dessous. En dehors de ces plages horaires, n'h\u00e9sitez pas \u00e0 nous laisser un message ou \u00e0 nous contacter par courriel. Nous nous engageons \u00e0 vous r\u00e9pondre dans les plus brefs d\u00e9lais.<br \/><strong>Lundi au vendredi de 8h \u00e0 17h<\/strong><br \/><strong>Service 24\/7 pour les urgences<\/strong><\/p>\n\t\t\t\t<\/div>\n\t\t\t<\/div><\/div>\t\t\t\t<\/div>\n\t\t\t\t<\/div>\n\t\t\t\t<section class=\"elementor-section elementor-inner-section elementor-element elementor-element-94e415d elementor-section-boxed elementor-section-height-default elementor-section-height-default\" data-id=\"94e415d\" data-element_type=\"section\">\n\t\t\t\t\t\t<div class=\"elementor-container elementor-column-gap-default\">\n\t\t\t\t\t<div class=\"elementor-column elementor-col-33 elementor-inner-column elementor-element elementor-element-ddb537f\" data-id=\"ddb537f\" data-element_type=\"column\">\n\t\t\t<div class=\"elementor-widget-wrap elementor-element-populated\">\n\t\t\t\t\t\t<div class=\"elementor-element elementor-element-6d09778 elementor-widget__width-initial ekit-equal-height-enable elementor-widget elementor-widget-elementskit-icon-box\" data-id=\"6d09778\" data-element_type=\"widget\" data-widget_type=\"elementskit-icon-box.default\">\n\t\t\t\t<div class=\"elementor-widget-container\">\n\t\t\t\t\t<div class=\"ekit-wid-con\" >        <!-- link opening -->\n                <!-- end link opening -->\n\n        <div class=\"elementskit-infobox text-center text-center icon-top-align elementor-animation-\">\n                    <div class=\"elementskit-box-header elementor-animation-\">\n                <div class=\"elementskit-info-box-icon\">\n                    <i aria-hidden=\"true\" class=\"elementkit-infobox-icon fas fa-phone-alt\"><\/i>\n                <\/div>\n          <\/div>\n                        <div class=\"box-body\">\n                            <h3 class=\"elementskit-info-box-title\">\n                    T\u00e9l\u00e9phone                <\/h3>\n                        \t\t  \t<p>(450) 661-2123<\/p>\n                                <\/div>\n        \n        \n                <\/div>\n        <\/div>\t\t\t\t<\/div>\n\t\t\t\t<\/div>\n\t\t\t\t\t<\/div>\n\t\t<\/div>\n\t\t\t\t<div class=\"elementor-column elementor-col-33 elementor-inner-column elementor-element elementor-element-e3c6fd8\" data-id=\"e3c6fd8\" data-element_type=\"column\">\n\t\t\t<div class=\"elementor-widget-wrap elementor-element-populated\">\n\t\t\t\t\t\t<div class=\"elementor-element elementor-element-0a8eba8 elementor-widget__width-initial ekit-equal-height-enable elementor-widget elementor-widget-elementskit-icon-box\" data-id=\"0a8eba8\" data-element_type=\"widget\" data-widget_type=\"elementskit-icon-box.default\">\n\t\t\t\t<div class=\"elementor-widget-container\">\n\t\t\t\t\t<div class=\"ekit-wid-con\" >        <!-- link opening -->\n                <!-- end link opening -->\n\n        <div class=\"elementskit-infobox text-center text-center icon-top-align elementor-animation-\">\n                    <div class=\"elementskit-box-header elementor-animation-\">\n                <div class=\"elementskit-info-box-icon\">\n                    <i aria-hidden=\"true\" class=\"elementkit-infobox-icon fas fa-map-marker-alt\"><\/i>\n                <\/div>\n          <\/div>\n                        <div class=\"box-body\">\n                            <h3 class=\"elementskit-info-box-title\">\n                    Adresse                <\/h3>\n                        \t\t  \t<p>1010 Place Verner, Laval, Qu\u00e9bec H7C 0K9<\/p>\n                                <\/div>\n        \n        \n                <\/div>\n        <\/div>\t\t\t\t<\/div>\n\t\t\t\t<\/div>\n\t\t\t\t\t<\/div>\n\t\t<\/div>\n\t\t\t\t<div class=\"elementor-column elementor-col-33 elementor-inner-column elementor-element elementor-element-9e639f6\" data-id=\"9e639f6\" data-element_type=\"column\">\n\t\t\t<div class=\"elementor-widget-wrap elementor-element-populated\">\n\t\t\t\t\t\t<div class=\"elementor-element elementor-element-e35f40a elementor-widget__width-initial ekit-equal-height-enable elementor-widget elementor-widget-elementskit-icon-box\" data-id=\"e35f40a\" data-element_type=\"widget\" data-widget_type=\"elementskit-icon-box.default\">\n\t\t\t\t<div class=\"elementor-widget-container\">\n\t\t\t\t\t<div class=\"ekit-wid-con\" >        <!-- link opening -->\n                <!-- end link opening -->\n\n        <div class=\"elementskit-infobox text-center text-center icon-top-align elementor-animation-\">\n                    <div class=\"elementskit-box-header elementor-animation-\">\n                <div class=\"elementskit-info-box-icon\">\n                    <i aria-hidden=\"true\" class=\"elementkit-infobox-icon fas fa-envelope\"><\/i>\n                <\/div>\n          <\/div>\n                        <div class=\"box-body\">\n                            <h3 class=\"elementskit-info-box-title\">\n                    Contact                <\/h3>\n                        \t\t  \t<p>info@incendiealliance.com\n<\/p>\n                                <\/div>\n        \n        \n                <\/div>\n        <\/div>\t\t\t\t<\/div>\n\t\t\t\t<\/div>\n\t\t\t\t\t<\/div>\n\t\t<\/div>\n\t\t\t\t\t<\/div>\n\t\t<\/section>\n\t\t\t\t\t<\/div>\n\t\t<\/div>\n\t\t\t\t\t<\/div>\n\t\t<\/section>\n\t\t\t\t<section class=\"elementor-section elementor-top-section elementor-element elementor-element-0f75742 elementor-section-content-middle elementor-reverse-tablet elementor-reverse-mobile elementor-section-boxed elementor-section-height-default elementor-section-height-default\" data-id=\"0f75742\" data-element_type=\"section\">\n\t\t\t\t\t\t<div class=\"elementor-container elementor-column-gap-default\">\n\t\t\t\t\t<div class=\"elementor-column elementor-col-50 elementor-top-column elementor-element elementor-element-1c6d2d8\" data-id=\"1c6d2d8\" data-element_type=\"column\">\n\t\t\t<div class=\"elementor-widget-wrap elementor-element-populated\">\n\t\t\t\t\t\t<div class=\"elementor-element elementor-element-1fd5e43 elementor-widget elementor-widget-google_maps\" data-id=\"1fd5e43\" data-element_type=\"widget\" data-widget_type=\"google_maps.default\">\n\t\t\t\t<div class=\"elementor-widget-container\">\n\t\t\t\t\t\t\t<div class=\"elementor-custom-embed\">\n\t\t\t<iframe loading=\"lazy\"\n\t\t\t\t\tsrc=\"https:\/\/www.google.com\/maps\/embed\/v1\/place?key=AIzaSyDUcnFbGxs-W7ldHi78oy03UjVS87nobGA&#038;q=1010%20Place%20Verner%2C%20Laval%2C%20Qu%C3%A9bec%20H7C%200K9&#038;zoom=15\"\n\t\t\t\t\ttitle=\"1010 Place Verner, Laval, Qu\u00e9bec H7C 0K9\"\n\t\t\t\t\taria-label=\"1010 Place Verner, Laval, Qu\u00e9bec H7C 0K9\"\n\t\t\t><\/iframe>\n\t\t<\/div>\n\t\t\t\t\t\t<\/div>\n\t\t\t\t<\/div>\n\t\t\t\t\t<\/div>\n\t\t<\/div>\n\t\t\t\t<div class=\"elementor-column elementor-col-50 elementor-top-column elementor-element elementor-element-6aad4a5\" data-id=\"6aad4a5\" data-element_type=\"column\">\n\t\t\t<div class=\"elementor-widget-wrap elementor-element-populated\">\n\t\t\t\t\t\t<div class=\"elementor-element elementor-element-1e4df56 elementor-button-align-stretch elementor-widget elementor-widget-form\" data-id=\"1e4df56\" data-element_type=\"widget\" data-settings=\"{&quot;button_width&quot;:&quot;40&quot;,&quot;step_next_label&quot;:&quot;Next&quot;,&quot;step_previous_label&quot;:&quot;Previous&quot;,&quot;step_type&quot;:&quot;number_text&quot;,&quot;step_icon_shape&quot;:&quot;circle&quot;}\" data-widget_type=\"form.default\">\n\t\t\t\t<div class=\"elementor-widget-container\">\n\t\t\t\t\t\t\t<form class=\"elementor-form\" method=\"post\" name=\"Contact Form\" aria-label=\"Contact Form\" action=\"\">\n\t\t\t<input type=\"hidden\" name=\"post_id\" value=\"30\"\/>\n\t\t\t<input type=\"hidden\" name=\"form_id\" value=\"1e4df56\"\/>\n\t\t\t<input type=\"hidden\" name=\"referer_title\" value=\"Protection Incendie Alliance\" \/>\n\n\t\t\t\n\t\t\t<div class=\"elementor-form-fields-wrapper elementor-labels-\">\n\t\t\t\t\t\t\t\t<div class=\"elementor-field-type-text elementor-field-group elementor-column elementor-field-group-name elementor-col-100\">\n\t\t\t\t\t\t\t\t\t\t\t\t<label for=\"form-field-name\" class=\"elementor-field-label elementor-screen-only\">\n\t\t\t\t\t\t\t\tVotre nom\t\t\t\t\t\t\t<\/label>\n\t\t\t\t\t\t\t\t\t\t\t\t\t\t<input size=\"1\" type=\"text\" name=\"form_fields[name]\" id=\"form-field-name\" class=\"elementor-field elementor-size-lg  elementor-field-textual\" placeholder=\"Votre nom\">\n\t\t\t\t\t\t\t\t\t\t\t<\/div>\n\t\t\t\t\t\t\t\t<div class=\"elementor-field-type-tel elementor-field-group elementor-column elementor-field-group-field_2e5d0aa elementor-col-100\">\n\t\t\t\t\t\t\t\t\t\t\t\t<label for=\"form-field-field_2e5d0aa\" class=\"elementor-field-label elementor-screen-only\">\n\t\t\t\t\t\t\t\tVotre num\u00e9ro de t\u00e9l\u00e9phone\t\t\t\t\t\t\t<\/label>\n\t\t\t\t\t\t\t\t<input size=\"1\" type=\"tel\" name=\"form_fields[field_2e5d0aa]\" id=\"form-field-field_2e5d0aa\" class=\"elementor-field elementor-size-lg  elementor-field-textual\" placeholder=\"Votre num\u00e9ro de t\u00e9l\u00e9phone\" pattern=\"[0-9()#&amp;+*-=.]+\" title=\"Only numbers and phone characters (#, -, *, etc) are accepted.\">\n\n\t\t\t\t\t\t<\/div>\n\t\t\t\t\t\t\t\t<div class=\"elementor-field-type-email elementor-field-group elementor-column elementor-field-group-email elementor-col-100 elementor-field-required\">\n\t\t\t\t\t\t\t\t\t\t\t\t<label for=\"form-field-email\" class=\"elementor-field-label elementor-screen-only\">\n\t\t\t\t\t\t\t\tVotre email\t\t\t\t\t\t\t<\/label>\n\t\t\t\t\t\t\t\t\t\t\t\t\t\t<input size=\"1\" type=\"email\" name=\"form_fields[email]\" id=\"form-field-email\" class=\"elementor-field elementor-size-lg  elementor-field-textual\" placeholder=\"Votre email\" required=\"required\">\n\t\t\t\t\t\t\t\t\t\t\t<\/div>\n\t\t\t\t\t\t\t\t<div class=\"elementor-field-type-textarea elementor-field-group elementor-column elementor-field-group-message elementor-col-100\">\n\t\t\t\t\t\t\t\t\t\t\t\t<label for=\"form-field-message\" class=\"elementor-field-label elementor-screen-only\">\n\t\t\t\t\t\t\t\tVotre message\t\t\t\t\t\t\t<\/label>\n\t\t\t\t\t\t<textarea class=\"elementor-field-textual elementor-field  elementor-size-lg\" name=\"form_fields[message]\" id=\"form-field-message\" rows=\"6\" placeholder=\"Votre message\"><\/textarea>\t\t\t\t<\/div>\n\t\t\t\t\t\t\t\t<div class=\"elementor-field-group elementor-column elementor-field-type-submit elementor-col-40 e-form__buttons\">\n\t\t\t\t\t<button class=\"elementor-button elementor-size-sm\" type=\"submit\">\n\t\t\t\t\t\t<span class=\"elementor-button-content-wrapper\">\n\t\t\t\t\t\t\t\t\t\t\t\t\t\t\t\t\t\t\t\t\t\t<span class=\"elementor-button-text\">Soumettre<\/span>\n\t\t\t\t\t\t\t\t\t\t\t\t\t<\/span>\n\t\t\t\t\t<\/button>\n\t\t\t\t<\/div>\n\t\t\t<\/div>\n\t\t<input type=\"hidden\" name=\"trp-form-language\" value=\"en\"\/><\/form>\n\t\t\t\t\t\t<\/div>\n\t\t\t\t<\/div>\n\t\t\t\t\t<\/div>\n\t\t<\/div>\n\t\t\t\t\t<\/div>\n\t\t<\/section>\n\t\t\t\t<\/div>","protected":false},"excerpt":{"rendered":"<p>CONTACT Accueil \/ Contact Contactez-nous Nous sommes \u00e0 votre \u00e9coute Vous d\u00e9sirez prendre rendez-vous ? Vous ne trouvez pas le service que vous cherchez ? Des questions, des commentaires ?Nos horaires de service \u00e0 la client\u00e8le sont indiqu\u00e9s ci-dessous. En dehors de ces plages horaires, n&rsquo;h\u00e9sitez pas \u00e0 nous laisser un message ou \u00e0 nous [&hellip;]<\/p>","protected":false},"author":3,"featured_media":0,"parent":0,"menu_order":0,"comment_status":"closed","ping_status":"closed","template":"elementor_header_footer","meta":{"_acf_changed":false,"footnotes":""},"class_list":["post-30","page","type-page","status-publish","hentry"],"acf":[],"yoast_head":"<!-- This site is optimized with the Yoast SEO plugin v26.1.1 - https:\/\/yoast.com\/wordpress\/plugins\/seo\/ -->\n<title>Contact - Protection Incendie Alliance<\/title>\n<meta name=\"robots\" content=\"index, follow, max-snippet:-1, max-image-preview:large, max-video-preview:-1\" \/>\n<link rel=\"canonical\" href=\"https:\/\/incendiealliance.com\/en\/contact\/\" \/>\n<meta property=\"og:locale\" content=\"en_US\" \/>\n<meta property=\"og:type\" content=\"article\" \/>\n<meta property=\"og:title\" content=\"Contact - Protection Incendie Alliance\" \/>\n<meta property=\"og:description\" content=\"CONTACT Accueil \/ Contact Contactez-nous Nous sommes \u00e0 votre \u00e9coute Vous d\u00e9sirez prendre rendez-vous ? Vous ne trouvez pas le service que vous cherchez ? Des questions, des commentaires ?Nos horaires de service \u00e0 la client\u00e8le sont indiqu\u00e9s ci-dessous. En dehors de ces plages horaires, n&rsquo;h\u00e9sitez pas \u00e0 nous laisser un message ou \u00e0 nous [&hellip;]\" \/>\n<meta property=\"og:url\" content=\"https:\/\/incendiealliance.com\/en\/contact\/\" \/>\n<meta property=\"og:site_name\" content=\"Protection Incendie Alliance\" \/>\n<meta property=\"article:publisher\" content=\"https:\/\/www.facebook.com\/profile.php?id=61559184700987\" \/>\n<meta property=\"article:modified_time\" content=\"2024-06-15T21:07:48+00:00\" \/>\n<meta property=\"og:image\" content=\"https:\/\/incendiealliance.com\/wp-content\/uploads\/2024\/02\/mstile-310x310-1.png\" \/>\n\t<meta property=\"og:image:width\" content=\"558\" \/>\n\t<meta property=\"og:image:height\" content=\"558\" \/>\n\t<meta property=\"og:image:type\" content=\"image\/png\" \/>\n<meta name=\"twitter:card\" content=\"summary_large_image\" \/>\n<meta name=\"twitter:label1\" content=\"Est. reading time\" \/>\n\t<meta name=\"twitter:data1\" content=\"1 minute\" \/>\n<script type=\"application\/ld+json\" class=\"yoast-schema-graph\">{\"@context\":\"https:\/\/schema.org\",\"@graph\":[{\"@type\":\"WebPage\",\"@id\":\"https:\/\/incendiealliance.com\/contact\/\",\"url\":\"https:\/\/incendiealliance.com\/contact\/\",\"name\":\"Contact - Protection Incendie Alliance\",\"isPartOf\":{\"@id\":\"https:\/\/incendiealliance.com\/#website\"},\"datePublished\":\"2023-05-12T11:13:05+00:00\",\"dateModified\":\"2024-06-15T21:07:48+00:00\",\"breadcrumb\":{\"@id\":\"https:\/\/incendiealliance.com\/contact\/#breadcrumb\"},\"inLanguage\":\"en-US\",\"potentialAction\":[{\"@type\":\"ReadAction\",\"target\":[\"https:\/\/incendiealliance.com\/contact\/\"]}]},{\"@type\":\"BreadcrumbList\",\"@id\":\"https:\/\/incendiealliance.com\/contact\/#breadcrumb\",\"itemListElement\":[{\"@type\":\"ListItem\",\"position\":1,\"name\":\"Accueil\",\"item\":\"https:\/\/incendiealliance.com\/\"},{\"@type\":\"ListItem\",\"position\":2,\"name\":\"Contact\"}]},{\"@type\":\"WebSite\",\"@id\":\"https:\/\/incendiealliance.com\/#website\",\"url\":\"https:\/\/incendiealliance.com\/\",\"name\":\"Protection Incendie Alliance\",\"description\":\"Expert en protection incendie \u00e0 Montr\u00e9al\",\"publisher\":{\"@id\":\"https:\/\/incendiealliance.com\/#organization\"},\"potentialAction\":[{\"@type\":\"SearchAction\",\"target\":{\"@type\":\"EntryPoint\",\"urlTemplate\":\"https:\/\/incendiealliance.com\/?s={search_term_string}\"},\"query-input\":{\"@type\":\"PropertyValueSpecification\",\"valueRequired\":true,\"valueName\":\"search_term_string\"}}],\"inLanguage\":\"en-US\"},{\"@type\":[\"Organization\",\"Place\",\"ProfessionalService\"],\"@id\":\"https:\/\/incendiealliance.com\/#organization\",\"name\":\"Protection Incendie Alliance\",\"url\":\"https:\/\/incendiealliance.com\/\",\"logo\":{\"@id\":\"https:\/\/incendiealliance.com\/contact\/#local-main-organization-logo\"},\"image\":{\"@id\":\"https:\/\/incendiealliance.com\/contact\/#local-main-organization-logo\"},\"sameAs\":[\"https:\/\/www.facebook.com\/profile.php?id=61559184700987\",\"https:\/\/www.linkedin.com\/company\/protection-incendie-glb\/\"],\"address\":{\"@id\":\"https:\/\/incendiealliance.com\/contact\/#local-main-place-address\"},\"telephone\":[],\"openingHoursSpecification\":[{\"@type\":\"OpeningHoursSpecification\",\"dayOfWeek\":[\"Monday\",\"Tuesday\",\"Wednesday\",\"Thursday\",\"Friday\",\"Saturday\",\"Sunday\"],\"opens\":\"09:00\",\"closes\":\"17:00\"}],\"email\":\"info@incendieglb.com\",\"faxNumber\":\"Protection Incendie GLB\"},{\"@type\":\"PostalAddress\",\"@id\":\"https:\/\/incendiealliance.com\/contact\/#local-main-place-address\",\"streetAddress\":\"1802 Rte de l'A\u00e9roport\",\"addressLocality\":\"Qu\u00e9bec\",\"postalCode\":\"G2G 2P7\",\"addressRegion\":\"Quebec\",\"addressCountry\":\"CA\"},{\"@type\":\"ImageObject\",\"inLanguage\":\"en-US\",\"@id\":\"https:\/\/incendiealliance.com\/contact\/#local-main-organization-logo\",\"url\":\"https:\/\/incendiealliance.com\/wp-content\/uploads\/2024\/02\/cropped-mstile-310x310-1.png\",\"contentUrl\":\"https:\/\/incendiealliance.com\/wp-content\/uploads\/2024\/02\/cropped-mstile-310x310-1.png\",\"width\":512,\"height\":512,\"caption\":\"Protection Incendie Alliance\"}]}<\/script>\n<meta name=\"geo.placename\" content=\"Qu\u00e9bec\" \/>\n<meta name=\"geo.region\" content=\"Canada\" \/>\n<!-- \/ Yoast SEO plugin. -->","yoast_head_json":{"title":"Contact - Protection Incendie Alliance","robots":{"index":"index","follow":"follow","max-snippet":"max-snippet:-1","max-image-preview":"max-image-preview:large","max-video-preview":"max-video-preview:-1"},"canonical":"https:\/\/incendiealliance.com\/en\/contact\/","og_locale":"en_US","og_type":"article","og_title":"Contact - Protection Incendie Alliance","og_description":"CONTACT Accueil \/ Contact Contactez-nous Nous sommes \u00e0 votre \u00e9coute Vous d\u00e9sirez prendre rendez-vous ? Vous ne trouvez pas le service que vous cherchez ? Des questions, des commentaires ?Nos horaires de service \u00e0 la client\u00e8le sont indiqu\u00e9s ci-dessous. En dehors de ces plages horaires, n&rsquo;h\u00e9sitez pas \u00e0 nous laisser un message ou \u00e0 nous [&hellip;]","og_url":"https:\/\/incendiealliance.com\/en\/contact\/","og_site_name":"Protection Incendie Alliance","article_publisher":"https:\/\/www.facebook.com\/profile.php?id=61559184700987","article_modified_time":"2024-06-15T21:07:48+00:00","og_image":[{"width":558,"height":558,"url":"https:\/\/incendiealliance.com\/wp-content\/uploads\/2024\/02\/mstile-310x310-1.png","type":"image\/png"}],"twitter_card":"summary_large_image","twitter_misc":{"Est. reading time":"1 minute"},"schema":{"@context":"https:\/\/schema.org","@graph":[{"@type":"WebPage","@id":"https:\/\/incendiealliance.com\/contact\/","url":"https:\/\/incendiealliance.com\/contact\/","name":"Contact - Protection Incendie Alliance","isPartOf":{"@id":"https:\/\/incendiealliance.com\/#website"},"datePublished":"2023-05-12T11:13:05+00:00","dateModified":"2024-06-15T21:07:48+00:00","breadcrumb":{"@id":"https:\/\/incendiealliance.com\/contact\/#breadcrumb"},"inLanguage":"en-US","potentialAction":[{"@type":"ReadAction","target":["https:\/\/incendiealliance.com\/contact\/"]}]},{"@type":"BreadcrumbList","@id":"https:\/\/incendiealliance.com\/contact\/#breadcrumb","itemListElement":[{"@type":"ListItem","position":1,"name":"Accueil","item":"https:\/\/incendiealliance.com\/"},{"@type":"ListItem","position":2,"name":"Contact"}]},{"@type":"WebSite","@id":"https:\/\/incendiealliance.com\/#website","url":"https:\/\/incendiealliance.com\/","name":"Protection Incendie Alliance","description":"Expert en protection incendie \u00e0 Montr\u00e9al","publisher":{"@id":"https:\/\/incendiealliance.com\/#organization"},"potentialAction":[{"@type":"SearchAction","target":{"@type":"EntryPoint","urlTemplate":"https:\/\/incendiealliance.com\/?s={search_term_string}"},"query-input":{"@type":"PropertyValueSpecification","valueRequired":true,"valueName":"search_term_string"}}],"inLanguage":"en-US"},{"@type":["Organization","Place","ProfessionalService"],"@id":"https:\/\/incendiealliance.com\/#organization","name":"Protection Incendie Alliance","url":"https:\/\/incendiealliance.com\/","logo":{"@id":"https:\/\/incendiealliance.com\/contact\/#local-main-organization-logo"},"image":{"@id":"https:\/\/incendiealliance.com\/contact\/#local-main-organization-logo"},"sameAs":["https:\/\/www.facebook.com\/profile.php?id=61559184700987","https:\/\/www.linkedin.com\/company\/protection-incendie-glb\/"],"address":{"@id":"https:\/\/incendiealliance.com\/contact\/#local-main-place-address"},"telephone":[],"openingHoursSpecification":[{"@type":"OpeningHoursSpecification","dayOfWeek":["Monday","Tuesday","Wednesday","Thursday","Friday","Saturday","Sunday"],"opens":"09:00","closes":"17:00"}],"email":"info@incendieglb.com","faxNumber":"Protection Incendie GLB"},{"@type":"PostalAddress","@id":"https:\/\/incendiealliance.com\/contact\/#local-main-place-address","streetAddress":"1802 Rte de l'A\u00e9roport","addressLocality":"Qu\u00e9bec","postalCode":"G2G 2P7","addressRegion":"Quebec","addressCountry":"CA"},{"@type":"ImageObject","inLanguage":"en-US","@id":"https:\/\/incendiealliance.com\/contact\/#local-main-organization-logo","url":"https:\/\/incendiealliance.com\/wp-content\/uploads\/2024\/02\/cropped-mstile-310x310-1.png","contentUrl":"https:\/\/incendiealliance.com\/wp-content\/uploads\/2024\/02\/cropped-mstile-310x310-1.png","width":512,"height":512,"caption":"Protection Incendie Alliance"}]},"geo.placename":"Qu\u00e9bec","geo.region":"Canada"},"_links":{"self":[{"href":"https:\/\/incendiealliance.com\/en\/wp-json\/wp\/v2\/pages\/30","targetHints":{"allow":["GET"]}}],"collection":[{"href":"https:\/\/incendiealliance.com\/en\/wp-json\/wp\/v2\/pages"}],"about":[{"href":"https:\/\/incendiealliance.com\/en\/wp-json\/wp\/v2\/types\/page"}],"author":[{"embeddable":true,"href":"https:\/\/incendiealliance.com\/en\/wp-json\/wp\/v2\/users\/3"}],"replies":[{"embeddable":true,"href":"https:\/\/incendiealliance.com\/en\/wp-json\/wp\/v2\/comments?post=30"}],"version-history":[{"count":0,"href":"https:\/\/incendiealliance.com\/en\/wp-json\/wp\/v2\/pages\/30\/revisions"}],"wp:attachment":[{"href":"https:\/\/incendiealliance.com\/en\/wp-json\/wp\/v2\/media?parent=30"}],"curies":[{"name":"wp","href":"https:\/\/api.w.org\/{rel}","templated":true}]}}