{"id":7389,"date":"2023-06-25T14:16:31","date_gmt":"2023-06-25T14:16:31","guid":{"rendered":"https:\/\/incendiealliance.com\/?page_id=7389"},"modified":"2024-06-15T20:54:22","modified_gmt":"2024-06-15T20:54:22","slug":"entretien","status":"publish","type":"page","link":"https:\/\/incendiealliance.com\/en\/entretien\/","title":{"rendered":"Entretien"},"content":{"rendered":"<div data-elementor-type=\"wp-page\" data-elementor-id=\"7389\" class=\"elementor elementor-7389\" data-elementor-post-type=\"page\">\n\t\t\t\t\t\t<section class=\"elementor-section elementor-top-section elementor-element elementor-element-22f2484 elementor-section-height-min-height elementor-section-boxed elementor-section-height-default elementor-section-items-middle\" data-id=\"22f2484\" data-element_type=\"section\" data-settings=\"{&quot;background_background&quot;:&quot;classic&quot;}\">\n\t\t\t\t\t\t\t<div class=\"elementor-background-overlay\"><\/div>\n\t\t\t\t\t\t\t<div class=\"elementor-container elementor-column-gap-default\">\n\t\t\t\t\t<div class=\"elementor-column elementor-col-100 elementor-top-column elementor-element elementor-element-e84c7e8\" data-id=\"e84c7e8\" data-element_type=\"column\">\n\t\t\t<div class=\"elementor-widget-wrap elementor-element-populated\">\n\t\t\t\t\t\t<div class=\"elementor-element elementor-element-dd21bc2 elementor-widget elementor-widget-heading\" data-id=\"dd21bc2\" data-element_type=\"widget\" data-widget_type=\"heading.default\">\n\t\t\t\t<div class=\"elementor-widget-container\">\n\t\t\t\t\t<h2 class=\"elementor-heading-title elementor-size-default\">ENTRETIEN<\/h2>\t\t\t\t<\/div>\n\t\t\t\t<\/div>\n\t\t\t\t<div class=\"elementor-element elementor-element-6fcaf2b elementor-icon-list--layout-inline elementor-align-center elementor-list-item-link-full_width elementor-widget elementor-widget-icon-list\" data-id=\"6fcaf2b\" data-element_type=\"widget\" data-widget_type=\"icon-list.default\">\n\t\t\t\t<div class=\"elementor-widget-container\">\n\t\t\t\t\t\t\t<ul class=\"elementor-icon-list-items elementor-inline-items\">\n\t\t\t\t\t\t\t<li class=\"elementor-icon-list-item elementor-inline-item\">\n\t\t\t\t\t\t\t\t\t\t\t<span class=\"elementor-icon-list-icon\">\n\t\t\t\t\t\t\t<i aria-hidden=\"true\" class=\"icon icon-home2\"><\/i>\t\t\t\t\t\t<\/span>\n\t\t\t\t\t\t\t\t\t\t<span class=\"elementor-icon-list-text\">Accueil  \/<\/span>\n\t\t\t\t\t\t\t\t\t<\/li>\n\t\t\t\t\t\t\t\t<li class=\"elementor-icon-list-item elementor-inline-item\">\n\t\t\t\t\t\t\t\t\t\t\t<a href=\"https:\/\/incendiealliance.com\/en\/entretien\/\">\n\n\t\t\t\t\t\t\t\t\t\t\t<span class=\"elementor-icon-list-text\">Services \/<\/span>\n\t\t\t\t\t\t\t\t\t\t\t<\/a>\n\t\t\t\t\t\t\t\t\t<\/li>\n\t\t\t\t\t\t\t\t<li class=\"elementor-icon-list-item elementor-inline-item\">\n\t\t\t\t\t\t\t\t\t\t<span class=\"elementor-icon-list-text\">Entretien<\/span>\n\t\t\t\t\t\t\t\t\t<\/li>\n\t\t\t\t\t\t<\/ul>\n\t\t\t\t\t\t<\/div>\n\t\t\t\t<\/div>\n\t\t\t\t\t<\/div>\n\t\t<\/div>\n\t\t\t\t\t<\/div>\n\t\t<\/section>\n\t\t\t\t<section class=\"elementor-section elementor-top-section elementor-element elementor-element-5a7a7f8 elementor-section-boxed elementor-section-height-default elementor-section-height-default\" data-id=\"5a7a7f8\" data-element_type=\"section\">\n\t\t\t\t\t\t<div class=\"elementor-container elementor-column-gap-no\">\n\t\t\t\t\t<div class=\"elementor-column elementor-col-100 elementor-top-column elementor-element elementor-element-bcb6cfa\" data-id=\"bcb6cfa\" data-element_type=\"column\">\n\t\t\t<div class=\"elementor-widget-wrap elementor-element-populated\">\n\t\t\t\t\t\t<section class=\"elementor-section elementor-inner-section elementor-element elementor-element-dc258e5 elementor-section-boxed elementor-section-height-default elementor-section-height-default\" data-id=\"dc258e5\" data-element_type=\"section\">\n\t\t\t\t\t\t<div class=\"elementor-container elementor-column-gap-default\">\n\t\t\t\t\t<div class=\"elementor-column elementor-col-50 elementor-inner-column elementor-element elementor-element-1c10130\" data-id=\"1c10130\" data-element_type=\"column\">\n\t\t\t<div class=\"elementor-widget-wrap elementor-element-populated\">\n\t\t\t\t\t\t<div class=\"elementor-element elementor-element-826e2d3 elementor-widget elementor-widget-image\" data-id=\"826e2d3\" data-element_type=\"widget\" data-widget_type=\"image.default\">\n\t\t\t\t<div class=\"elementor-widget-container\">\n\t\t\t\t\t\t\t\t\t\t\t\t\t\t\t<img fetchpriority=\"high\" decoding=\"async\" width=\"720\" height=\"720\" src=\"https:\/\/incendiealliance.com\/wp-content\/uploads\/2023\/12\/Upgrading-Equipment.png\" class=\"attachment-large size-large wp-image-11368\" alt=\"Pictogramme qui repr\u00e9sente le service d&#039;installation du syst\u00e8me de protection incendie\" srcset=\"https:\/\/incendiealliance.com\/wp-content\/uploads\/2023\/12\/Upgrading-Equipment.png 720w, https:\/\/incendiealliance.com\/wp-content\/uploads\/2023\/12\/Upgrading-Equipment-300x300.png 300w, https:\/\/incendiealliance.com\/wp-content\/uploads\/2023\/12\/Upgrading-Equipment-150x150.png 150w, https:\/\/incendiealliance.com\/wp-content\/uploads\/2023\/12\/Upgrading-Equipment-12x12.png 12w\" sizes=\"(max-width: 720px) 100vw, 720px\" \/>\t\t\t\t\t\t\t\t\t\t\t\t\t\t\t<\/div>\n\t\t\t\t<\/div>\n\t\t\t\t<div class=\"elementor-element elementor-element-b57b4fa elementor-widget elementor-widget-elementskit-heading\" data-id=\"b57b4fa\" data-element_type=\"widget\" data-widget_type=\"elementskit-heading.default\">\n\t\t\t\t<div class=\"elementor-widget-container\">\n\t\t\t\t\t<div class=\"ekit-wid-con\" ><div class=\"ekit-heading elementskit-section-title-wraper text_left   ekit_heading_tablet-   ekit_heading_mobile-\"><h2 class=\"ekit-heading--title elementskit-section-title\">Gage de fiabilit\u00e9 et de durabilit\u00e9<\/h2>\t\t\t\t<div class='ekit-heading__description'>\n\t\t\t\t\t<p>Les recommandations d\u2019entretien du rapport d\u2019inspection ne sont pas \u00e0 prendre \u00e0 la l\u00e9g\u00e8re. Pour un maximum de s\u00e9curit\u00e9, confiez l\u2019entretien de votre syst\u00e8me de protection incendie \u00e0 notre \u00e9quipe de feu!<\/p>\n\t\t\t\t<\/div>\n\t\t\t<\/div><\/div>\t\t\t\t<\/div>\n\t\t\t\t<\/div>\n\t\t\t\t\t<\/div>\n\t\t<\/div>\n\t\t\t\t<div class=\"elementor-column elementor-col-50 elementor-inner-column elementor-element elementor-element-20150d9\" data-id=\"20150d9\" data-element_type=\"column\">\n\t\t\t<div class=\"elementor-widget-wrap elementor-element-populated\">\n\t\t\t\t\t\t<div class=\"elementor-element elementor-element-1502a69 elementor-widget elementor-widget-image\" data-id=\"1502a69\" data-element_type=\"widget\" data-widget_type=\"image.default\">\n\t\t\t\t<div class=\"elementor-widget-container\">\n\t\t\t\t\t\t\t\t\t\t\t\t\t\t\t<img decoding=\"async\" width=\"720\" height=\"720\" src=\"https:\/\/incendiealliance.com\/wp-content\/uploads\/2023\/12\/Facility.png\" class=\"attachment-large size-large wp-image-11505\" alt=\"\" srcset=\"https:\/\/incendiealliance.com\/wp-content\/uploads\/2023\/12\/Facility.png 720w, https:\/\/incendiealliance.com\/wp-content\/uploads\/2023\/12\/Facility-300x300.png 300w, https:\/\/incendiealliance.com\/wp-content\/uploads\/2023\/12\/Facility-150x150.png 150w, https:\/\/incendiealliance.com\/wp-content\/uploads\/2023\/12\/Facility-12x12.png 12w\" sizes=\"(max-width: 720px) 100vw, 720px\" \/>\t\t\t\t\t\t\t\t\t\t\t\t\t\t\t<\/div>\n\t\t\t\t<\/div>\n\t\t\t\t<div class=\"elementor-element elementor-element-27143f7 elementor-widget elementor-widget-elementskit-heading\" data-id=\"27143f7\" data-element_type=\"widget\" data-widget_type=\"elementskit-heading.default\">\n\t\t\t\t<div class=\"elementor-widget-container\">\n\t\t\t\t\t<div class=\"ekit-wid-con\" ><div class=\"ekit-heading elementskit-section-title-wraper text_left   ekit_heading_tablet-   ekit_heading_mobile-\"><h2 class=\"ekit-heading--title elementskit-section-title\">Obligation d'entretien<\/h2>\t\t\t\t<div class='ekit-heading__description'>\n\t\t\t\t\t<p>Un syst\u00e8me de protection incendie performant est un syst\u00e8me qui respecte les normes en vigueur. Nous sugg\u00e9rons de respecter les <a href=\"https:\/\/www.rbq.gouv.qc.ca\/fileadmin\/medias\/pdf\/Publications\/francais\/registre-batiment.pdf\">recommandations d\u2019entretien de la R\u00e9gie du b\u00e2timent du Qu\u00e9bec<\/a>.\u00a0<\/p>\n\t\t\t\t<\/div>\n\t\t\t<\/div><\/div>\t\t\t\t<\/div>\n\t\t\t\t<\/div>\n\t\t\t\t\t<\/div>\n\t\t<\/div>\n\t\t\t\t\t<\/div>\n\t\t<\/section>\n\t\t\t\t<section class=\"elementor-section elementor-inner-section elementor-element elementor-element-d4786ea elementor-section-boxed elementor-section-height-default elementor-section-height-default\" data-id=\"d4786ea\" data-element_type=\"section\">\n\t\t\t\t\t\t<div class=\"elementor-container elementor-column-gap-default\">\n\t\t\t\t\t<div class=\"elementor-column elementor-col-100 elementor-inner-column elementor-element elementor-element-adeda3b\" data-id=\"adeda3b\" data-element_type=\"column\">\n\t\t\t<div class=\"elementor-widget-wrap elementor-element-populated\">\n\t\t\t\t\t\t<div class=\"elementor-element elementor-element-3521346 elementor-widget elementor-widget-image\" data-id=\"3521346\" data-element_type=\"widget\" data-widget_type=\"image.default\">\n\t\t\t\t<div class=\"elementor-widget-container\">\n\t\t\t\t\t\t\t\t\t\t\t\t\t\t\t<img decoding=\"async\" width=\"720\" height=\"720\" src=\"https:\/\/incendiealliance.com\/wp-content\/uploads\/2023\/12\/Prevention-Maintenance.png\" class=\"attachment-large size-large wp-image-11506\" alt=\"\" srcset=\"https:\/\/incendiealliance.com\/wp-content\/uploads\/2023\/12\/Prevention-Maintenance.png 720w, https:\/\/incendiealliance.com\/wp-content\/uploads\/2023\/12\/Prevention-Maintenance-300x300.png 300w, https:\/\/incendiealliance.com\/wp-content\/uploads\/2023\/12\/Prevention-Maintenance-150x150.png 150w, https:\/\/incendiealliance.com\/wp-content\/uploads\/2023\/12\/Prevention-Maintenance-12x12.png 12w\" sizes=\"(max-width: 720px) 100vw, 720px\" \/>\t\t\t\t\t\t\t\t\t\t\t\t\t\t\t<\/div>\n\t\t\t\t<\/div>\n\t\t\t\t<div class=\"elementor-element elementor-element-81a29df elementor-widget elementor-widget-elementskit-heading\" data-id=\"81a29df\" data-element_type=\"widget\" data-widget_type=\"elementskit-heading.default\">\n\t\t\t\t<div class=\"elementor-widget-container\">\n\t\t\t\t\t<div class=\"ekit-wid-con\" ><div class=\"ekit-heading elementskit-section-title-wraper text_left   ekit_heading_tablet-   ekit_heading_mobile-\"><h2 class=\"ekit-heading--title elementskit-section-title\">Mise aux normes<\/h2>\t\t\t\t<div class='ekit-heading__description'>\n\t\t\t\t\t<p>Les connaissances en protection incendie \u00e9voluent. Ne jouez pas avec le feu. Confiez l\u2019inspection de votre syst\u00e8me de pr\u00e9vention et d\u2019extinction des incendies aux experts de Protection Incendie Alliance. Gr\u00e2ce \u00e0 un rigoureux programme de formation continue, nos techniciens poss\u00e8dent les connaissances et le savoir-faire pour maintenir aux normes vos \u00e9quipements de protection incendie.<\/p>\n\t\t\t\t<\/div>\n\t\t\t<\/div><\/div>\t\t\t\t<\/div>\n\t\t\t\t<\/div>\n\t\t\t\t\t<\/div>\n\t\t<\/div>\n\t\t\t\t\t<\/div>\n\t\t<\/section>\n\t\t\t\t\t<\/div>\n\t\t<\/div>\n\t\t\t\t\t<\/div>\n\t\t<\/section>\n\t\t\t\t<section class=\"elementor-section elementor-top-section elementor-element elementor-element-d114066 elementor-section-boxed elementor-section-height-default elementor-section-height-default\" data-id=\"d114066\" data-element_type=\"section\">\n\t\t\t\t\t\t<div class=\"elementor-container elementor-column-gap-default\">\n\t\t\t\t\t<div class=\"elementor-column elementor-col-100 elementor-top-column elementor-element elementor-element-a0d1a88\" data-id=\"a0d1a88\" data-element_type=\"column\">\n\t\t\t<div class=\"elementor-widget-wrap elementor-element-populated\">\n\t\t\t\t\t\t<div class=\"elementor-element elementor-element-3f34fbe elementor-align-center elementor-widget elementor-widget-button\" data-id=\"3f34fbe\" data-element_type=\"widget\" data-widget_type=\"button.default\">\n\t\t\t\t<div class=\"elementor-widget-container\">\n\t\t\t\t\t\t\t\t\t<div class=\"elementor-button-wrapper\">\n\t\t\t\t\t<a class=\"elementor-button elementor-button-link elementor-size-sm\" href=\"https:\/\/incendiealliance.com\/en\/contact\/\">\n\t\t\t\t\t\t<span class=\"elementor-button-content-wrapper\">\n\t\t\t\t\t\t\t\t\t<span class=\"elementor-button-text\">Contactez-nous<\/span>\n\t\t\t\t\t<\/span>\n\t\t\t\t\t<\/a>\n\t\t\t\t<\/div>\n\t\t\t\t\t\t\t\t<\/div>\n\t\t\t\t<\/div>\n\t\t\t\t\t<\/div>\n\t\t<\/div>\n\t\t\t\t\t<\/div>\n\t\t<\/section>\n\t\t\t\t<\/div>","protected":false},"excerpt":{"rendered":"<p>ENTRETIEN Accueil \/ Services \/ Entretien Gage de fiabilit\u00e9 et de durabilit\u00e9 Les recommandations d\u2019entretien du rapport d\u2019inspection ne sont pas \u00e0 prendre \u00e0 la l\u00e9g\u00e8re. Pour un maximum de s\u00e9curit\u00e9, confiez l\u2019entretien de votre syst\u00e8me de protection incendie \u00e0 notre \u00e9quipe de feu! Obligation d&rsquo;entretien Un syst\u00e8me de protection incendie performant est un syst\u00e8me [&hellip;]<\/p>","protected":false},"author":3,"featured_media":0,"parent":0,"menu_order":0,"comment_status":"closed","ping_status":"closed","template":"","meta":{"_acf_changed":false,"footnotes":""},"class_list":["post-7389","page","type-page","status-publish","hentry"],"acf":[],"yoast_head":"<!-- This site is optimized with the Yoast SEO plugin v26.1.1 - https:\/\/yoast.com\/wordpress\/plugins\/seo\/ -->\n<title>Entretien - Protection Incendie Alliance<\/title>\n<meta name=\"robots\" content=\"index, follow, max-snippet:-1, max-image-preview:large, max-video-preview:-1\" \/>\n<link rel=\"canonical\" href=\"https:\/\/incendiealliance.com\/en\/entretien\/\" \/>\n<meta property=\"og:locale\" content=\"en_US\" \/>\n<meta property=\"og:type\" content=\"article\" \/>\n<meta property=\"og:title\" content=\"Entretien - Protection Incendie Alliance\" \/>\n<meta property=\"og:description\" content=\"ENTRETIEN Accueil \/ Services \/ Entretien Gage de fiabilit\u00e9 et de durabilit\u00e9 Les recommandations d\u2019entretien du rapport d\u2019inspection ne sont pas \u00e0 prendre \u00e0 la l\u00e9g\u00e8re. Pour un maximum de s\u00e9curit\u00e9, confiez l\u2019entretien de votre syst\u00e8me de protection incendie \u00e0 notre \u00e9quipe de feu! Obligation d&rsquo;entretien Un syst\u00e8me de protection incendie performant est un syst\u00e8me [&hellip;]\" \/>\n<meta property=\"og:url\" content=\"https:\/\/incendiealliance.com\/en\/entretien\/\" \/>\n<meta property=\"og:site_name\" content=\"Protection Incendie Alliance\" \/>\n<meta property=\"article:publisher\" content=\"https:\/\/www.facebook.com\/profile.php?id=61559184700987\" \/>\n<meta property=\"article:modified_time\" content=\"2024-06-15T20:54:22+00:00\" \/>\n<meta property=\"og:image\" content=\"https:\/\/incendiealliance.com\/wp-content\/uploads\/2023\/12\/Upgrading-Equipment.png\" \/>\n<meta name=\"twitter:card\" content=\"summary_large_image\" \/>\n<meta name=\"twitter:label1\" content=\"Est. reading time\" \/>\n\t<meta name=\"twitter:data1\" content=\"2 minutes\" \/>\n<script type=\"application\/ld+json\" class=\"yoast-schema-graph\">{\"@context\":\"https:\/\/schema.org\",\"@graph\":[{\"@type\":\"WebPage\",\"@id\":\"https:\/\/incendiealliance.com\/entretien\/\",\"url\":\"https:\/\/incendiealliance.com\/entretien\/\",\"name\":\"Entretien - Protection Incendie Alliance\",\"isPartOf\":{\"@id\":\"https:\/\/incendiealliance.com\/#website\"},\"primaryImageOfPage\":{\"@id\":\"https:\/\/incendiealliance.com\/entretien\/#primaryimage\"},\"image\":{\"@id\":\"https:\/\/incendiealliance.com\/entretien\/#primaryimage\"},\"thumbnailUrl\":\"https:\/\/incendiealliance.com\/wp-content\/uploads\/2023\/12\/Upgrading-Equipment.png\",\"datePublished\":\"2023-06-25T14:16:31+00:00\",\"dateModified\":\"2024-06-15T20:54:22+00:00\",\"breadcrumb\":{\"@id\":\"https:\/\/incendiealliance.com\/entretien\/#breadcrumb\"},\"inLanguage\":\"en-US\",\"potentialAction\":[{\"@type\":\"ReadAction\",\"target\":[\"https:\/\/incendiealliance.com\/entretien\/\"]}]},{\"@type\":\"ImageObject\",\"inLanguage\":\"en-US\",\"@id\":\"https:\/\/incendiealliance.com\/entretien\/#primaryimage\",\"url\":\"https:\/\/incendiealliance.com\/wp-content\/uploads\/2023\/12\/Upgrading-Equipment.png\",\"contentUrl\":\"https:\/\/incendiealliance.com\/wp-content\/uploads\/2023\/12\/Upgrading-Equipment.png\"},{\"@type\":\"BreadcrumbList\",\"@id\":\"https:\/\/incendiealliance.com\/entretien\/#breadcrumb\",\"itemListElement\":[{\"@type\":\"ListItem\",\"position\":1,\"name\":\"Accueil\",\"item\":\"https:\/\/incendiealliance.com\/\"},{\"@type\":\"ListItem\",\"position\":2,\"name\":\"Entretien\"}]},{\"@type\":\"WebSite\",\"@id\":\"https:\/\/incendiealliance.com\/#website\",\"url\":\"https:\/\/incendiealliance.com\/\",\"name\":\"Protection Incendie Alliance\",\"description\":\"Expert en protection incendie \u00e0 Montr\u00e9al\",\"publisher\":{\"@id\":\"https:\/\/incendiealliance.com\/#organization\"},\"potentialAction\":[{\"@type\":\"SearchAction\",\"target\":{\"@type\":\"EntryPoint\",\"urlTemplate\":\"https:\/\/incendiealliance.com\/?s={search_term_string}\"},\"query-input\":{\"@type\":\"PropertyValueSpecification\",\"valueRequired\":true,\"valueName\":\"search_term_string\"}}],\"inLanguage\":\"en-US\"},{\"@type\":[\"Organization\",\"Place\",\"ProfessionalService\"],\"@id\":\"https:\/\/incendiealliance.com\/#organization\",\"name\":\"Protection Incendie Alliance\",\"url\":\"https:\/\/incendiealliance.com\/\",\"logo\":{\"@id\":\"https:\/\/incendiealliance.com\/entretien\/#local-main-organization-logo\"},\"image\":{\"@id\":\"https:\/\/incendiealliance.com\/entretien\/#local-main-organization-logo\"},\"sameAs\":[\"https:\/\/www.facebook.com\/profile.php?id=61559184700987\",\"https:\/\/www.linkedin.com\/company\/protection-incendie-glb\/\"],\"address\":{\"@id\":\"https:\/\/incendiealliance.com\/entretien\/#local-main-place-address\"},\"telephone\":[],\"openingHoursSpecification\":[{\"@type\":\"OpeningHoursSpecification\",\"dayOfWeek\":[\"Monday\",\"Tuesday\",\"Wednesday\",\"Thursday\",\"Friday\",\"Saturday\",\"Sunday\"],\"opens\":\"09:00\",\"closes\":\"17:00\"}],\"email\":\"info@incendieglb.com\",\"faxNumber\":\"Protection Incendie GLB\"},{\"@type\":\"PostalAddress\",\"@id\":\"https:\/\/incendiealliance.com\/entretien\/#local-main-place-address\",\"streetAddress\":\"1802 Rte de l'A\u00e9roport\",\"addressLocality\":\"Qu\u00e9bec\",\"postalCode\":\"G2G 2P7\",\"addressRegion\":\"Quebec\",\"addressCountry\":\"CA\"},{\"@type\":\"ImageObject\",\"inLanguage\":\"en-US\",\"@id\":\"https:\/\/incendiealliance.com\/entretien\/#local-main-organization-logo\",\"url\":\"https:\/\/incendiealliance.com\/wp-content\/uploads\/2024\/02\/cropped-mstile-310x310-1.png\",\"contentUrl\":\"https:\/\/incendiealliance.com\/wp-content\/uploads\/2024\/02\/cropped-mstile-310x310-1.png\",\"width\":512,\"height\":512,\"caption\":\"Protection Incendie Alliance\"}]}<\/script>\n<meta name=\"geo.placename\" content=\"Qu\u00e9bec\" \/>\n<meta name=\"geo.region\" content=\"Canada\" \/>\n<!-- \/ Yoast SEO plugin. -->","yoast_head_json":{"title":"Entretien - Protection Incendie Alliance","robots":{"index":"index","follow":"follow","max-snippet":"max-snippet:-1","max-image-preview":"max-image-preview:large","max-video-preview":"max-video-preview:-1"},"canonical":"https:\/\/incendiealliance.com\/en\/entretien\/","og_locale":"en_US","og_type":"article","og_title":"Entretien - Protection Incendie Alliance","og_description":"ENTRETIEN Accueil \/ Services \/ Entretien Gage de fiabilit\u00e9 et de durabilit\u00e9 Les recommandations d\u2019entretien du rapport d\u2019inspection ne sont pas \u00e0 prendre \u00e0 la l\u00e9g\u00e8re. Pour un maximum de s\u00e9curit\u00e9, confiez l\u2019entretien de votre syst\u00e8me de protection incendie \u00e0 notre \u00e9quipe de feu! Obligation d&rsquo;entretien Un syst\u00e8me de protection incendie performant est un syst\u00e8me [&hellip;]","og_url":"https:\/\/incendiealliance.com\/en\/entretien\/","og_site_name":"Protection Incendie Alliance","article_publisher":"https:\/\/www.facebook.com\/profile.php?id=61559184700987","article_modified_time":"2024-06-15T20:54:22+00:00","og_image":[{"url":"https:\/\/incendiealliance.com\/wp-content\/uploads\/2023\/12\/Upgrading-Equipment.png","type":"","width":"","height":""}],"twitter_card":"summary_large_image","twitter_misc":{"Est. reading time":"2 minutes"},"schema":{"@context":"https:\/\/schema.org","@graph":[{"@type":"WebPage","@id":"https:\/\/incendiealliance.com\/entretien\/","url":"https:\/\/incendiealliance.com\/entretien\/","name":"Entretien - Protection Incendie Alliance","isPartOf":{"@id":"https:\/\/incendiealliance.com\/#website"},"primaryImageOfPage":{"@id":"https:\/\/incendiealliance.com\/entretien\/#primaryimage"},"image":{"@id":"https:\/\/incendiealliance.com\/entretien\/#primaryimage"},"thumbnailUrl":"https:\/\/incendiealliance.com\/wp-content\/uploads\/2023\/12\/Upgrading-Equipment.png","datePublished":"2023-06-25T14:16:31+00:00","dateModified":"2024-06-15T20:54:22+00:00","breadcrumb":{"@id":"https:\/\/incendiealliance.com\/entretien\/#breadcrumb"},"inLanguage":"en-US","potentialAction":[{"@type":"ReadAction","target":["https:\/\/incendiealliance.com\/entretien\/"]}]},{"@type":"ImageObject","inLanguage":"en-US","@id":"https:\/\/incendiealliance.com\/entretien\/#primaryimage","url":"https:\/\/incendiealliance.com\/wp-content\/uploads\/2023\/12\/Upgrading-Equipment.png","contentUrl":"https:\/\/incendiealliance.com\/wp-content\/uploads\/2023\/12\/Upgrading-Equipment.png"},{"@type":"BreadcrumbList","@id":"https:\/\/incendiealliance.com\/entretien\/#breadcrumb","itemListElement":[{"@type":"ListItem","position":1,"name":"Accueil","item":"https:\/\/incendiealliance.com\/"},{"@type":"ListItem","position":2,"name":"Entretien"}]},{"@type":"WebSite","@id":"https:\/\/incendiealliance.com\/#website","url":"https:\/\/incendiealliance.com\/","name":"Protection Incendie Alliance","description":"Expert en protection incendie \u00e0 Montr\u00e9al","publisher":{"@id":"https:\/\/incendiealliance.com\/#organization"},"potentialAction":[{"@type":"SearchAction","target":{"@type":"EntryPoint","urlTemplate":"https:\/\/incendiealliance.com\/?s={search_term_string}"},"query-input":{"@type":"PropertyValueSpecification","valueRequired":true,"valueName":"search_term_string"}}],"inLanguage":"en-US"},{"@type":["Organization","Place","ProfessionalService"],"@id":"https:\/\/incendiealliance.com\/#organization","name":"Protection Incendie Alliance","url":"https:\/\/incendiealliance.com\/","logo":{"@id":"https:\/\/incendiealliance.com\/entretien\/#local-main-organization-logo"},"image":{"@id":"https:\/\/incendiealliance.com\/entretien\/#local-main-organization-logo"},"sameAs":["https:\/\/www.facebook.com\/profile.php?id=61559184700987","https:\/\/www.linkedin.com\/company\/protection-incendie-glb\/"],"address":{"@id":"https:\/\/incendiealliance.com\/entretien\/#local-main-place-address"},"telephone":[],"openingHoursSpecification":[{"@type":"OpeningHoursSpecification","dayOfWeek":["Monday","Tuesday","Wednesday","Thursday","Friday","Saturday","Sunday"],"opens":"09:00","closes":"17:00"}],"email":"info@incendieglb.com","faxNumber":"Protection Incendie GLB"},{"@type":"PostalAddress","@id":"https:\/\/incendiealliance.com\/entretien\/#local-main-place-address","streetAddress":"1802 Rte de l'A\u00e9roport","addressLocality":"Qu\u00e9bec","postalCode":"G2G 2P7","addressRegion":"Quebec","addressCountry":"CA"},{"@type":"ImageObject","inLanguage":"en-US","@id":"https:\/\/incendiealliance.com\/entretien\/#local-main-organization-logo","url":"https:\/\/incendiealliance.com\/wp-content\/uploads\/2024\/02\/cropped-mstile-310x310-1.png","contentUrl":"https:\/\/incendiealliance.com\/wp-content\/uploads\/2024\/02\/cropped-mstile-310x310-1.png","width":512,"height":512,"caption":"Protection Incendie Alliance"}]},"geo.placename":"Qu\u00e9bec","geo.region":"Canada"},"_links":{"self":[{"href":"https:\/\/incendiealliance.com\/en\/wp-json\/wp\/v2\/pages\/7389","targetHints":{"allow":["GET"]}}],"collection":[{"href":"https:\/\/incendiealliance.com\/en\/wp-json\/wp\/v2\/pages"}],"about":[{"href":"https:\/\/incendiealliance.com\/en\/wp-json\/wp\/v2\/types\/page"}],"author":[{"embeddable":true,"href":"https:\/\/incendiealliance.com\/en\/wp-json\/wp\/v2\/users\/3"}],"replies":[{"embeddable":true,"href":"https:\/\/incendiealliance.com\/en\/wp-json\/wp\/v2\/comments?post=7389"}],"version-history":[{"count":0,"href":"https:\/\/incendiealliance.com\/en\/wp-json\/wp\/v2\/pages\/7389\/revisions"}],"wp:attachment":[{"href":"https:\/\/incendiealliance.com\/en\/wp-json\/wp\/v2\/media?parent=7389"}],"curies":[{"name":"wp","href":"https:\/\/api.w.org\/{rel}","templated":true}]}}