{"id":7509,"date":"2023-06-25T14:26:31","date_gmt":"2023-06-25T14:26:31","guid":{"rendered":"https:\/\/incendiealliance.com\/?page_id=7509"},"modified":"2024-06-13T16:59:03","modified_gmt":"2024-06-13T16:59:03","slug":"installation","status":"publish","type":"page","link":"https:\/\/incendiealliance.com\/en\/installation\/","title":{"rendered":"Installation"},"content":{"rendered":"<div data-elementor-type=\"wp-page\" data-elementor-id=\"7509\" class=\"elementor elementor-7509\" data-elementor-post-type=\"page\">\n\t\t\t\t\t\t<section class=\"elementor-section elementor-top-section elementor-element elementor-element-2cb6da2 elementor-section-height-min-height elementor-section-boxed elementor-section-height-default elementor-section-items-middle\" data-id=\"2cb6da2\" data-element_type=\"section\" data-settings=\"{&quot;background_background&quot;:&quot;classic&quot;}\">\n\t\t\t\t\t\t\t<div class=\"elementor-background-overlay\"><\/div>\n\t\t\t\t\t\t\t<div class=\"elementor-container elementor-column-gap-default\">\n\t\t\t\t\t<div class=\"elementor-column elementor-col-100 elementor-top-column elementor-element elementor-element-e068031\" data-id=\"e068031\" data-element_type=\"column\">\n\t\t\t<div class=\"elementor-widget-wrap elementor-element-populated\">\n\t\t\t\t\t\t<div class=\"elementor-element elementor-element-6a85554 elementor-widget elementor-widget-heading\" data-id=\"6a85554\" data-element_type=\"widget\" data-widget_type=\"heading.default\">\n\t\t\t\t<div class=\"elementor-widget-container\">\n\t\t\t\t\t<h2 class=\"elementor-heading-title elementor-size-default\">INSTALLATION<\/h2>\t\t\t\t<\/div>\n\t\t\t\t<\/div>\n\t\t\t\t<div class=\"elementor-element elementor-element-8174241 elementor-icon-list--layout-inline elementor-align-center elementor-list-item-link-full_width elementor-widget elementor-widget-icon-list\" data-id=\"8174241\" data-element_type=\"widget\" data-widget_type=\"icon-list.default\">\n\t\t\t\t<div class=\"elementor-widget-container\">\n\t\t\t\t\t\t\t<ul class=\"elementor-icon-list-items elementor-inline-items\">\n\t\t\t\t\t\t\t<li class=\"elementor-icon-list-item elementor-inline-item\">\n\t\t\t\t\t\t\t\t\t\t\t<span class=\"elementor-icon-list-icon\">\n\t\t\t\t\t\t\t<i aria-hidden=\"true\" class=\"icon icon-home2\"><\/i>\t\t\t\t\t\t<\/span>\n\t\t\t\t\t\t\t\t\t\t<span class=\"elementor-icon-list-text\">Accueil  \/<\/span>\n\t\t\t\t\t\t\t\t\t<\/li>\n\t\t\t\t\t\t\t\t<li class=\"elementor-icon-list-item elementor-inline-item\">\n\t\t\t\t\t\t\t\t\t\t\t<a href=\"https:\/\/incendiealliance.com\/en\/services-protection-incendie\/\">\n\n\t\t\t\t\t\t\t\t\t\t\t<span class=\"elementor-icon-list-text\">Services \/<\/span>\n\t\t\t\t\t\t\t\t\t\t\t<\/a>\n\t\t\t\t\t\t\t\t\t<\/li>\n\t\t\t\t\t\t\t\t<li class=\"elementor-icon-list-item elementor-inline-item\">\n\t\t\t\t\t\t\t\t\t\t<span class=\"elementor-icon-list-text\">Installation <\/span>\n\t\t\t\t\t\t\t\t\t<\/li>\n\t\t\t\t\t\t<\/ul>\n\t\t\t\t\t\t<\/div>\n\t\t\t\t<\/div>\n\t\t\t\t\t<\/div>\n\t\t<\/div>\n\t\t\t\t\t<\/div>\n\t\t<\/section>\n\t\t\t\t<section class=\"elementor-section elementor-top-section elementor-element elementor-element-29a7d75 elementor-section-content-middle elementor-section-boxed elementor-section-height-default elementor-section-height-default\" data-id=\"29a7d75\" data-element_type=\"section\">\n\t\t\t\t\t\t<div class=\"elementor-container elementor-column-gap-default\">\n\t\t\t\t\t<div class=\"elementor-column elementor-col-50 elementor-top-column elementor-element elementor-element-f960daa\" data-id=\"f960daa\" data-element_type=\"column\">\n\t\t\t<div class=\"elementor-widget-wrap elementor-element-populated\">\n\t\t\t\t\t\t<div class=\"elementor-element elementor-element-f7d3aa4 elementor-widget elementor-widget-image\" data-id=\"f7d3aa4\" data-element_type=\"widget\" data-widget_type=\"image.default\">\n\t\t\t\t<div class=\"elementor-widget-container\">\n\t\t\t\t\t\t\t\t\t\t\t\t\t\t\t<img fetchpriority=\"high\" decoding=\"async\" width=\"800\" height=\"532\" src=\"https:\/\/incendiealliance.com\/wp-content\/uploads\/2024\/02\/High-008-2-1024x681.jpg\" class=\"attachment-large size-large wp-image-12117\" alt=\"Technicien qui soude les tuyaux d&#039;un syst\u00e8me de protection incendie\" srcset=\"https:\/\/incendiealliance.com\/wp-content\/uploads\/2024\/02\/High-008-2-1024x681.jpg 1024w, https:\/\/incendiealliance.com\/wp-content\/uploads\/2024\/02\/High-008-2-300x200.jpg 300w, https:\/\/incendiealliance.com\/wp-content\/uploads\/2024\/02\/High-008-2-768x511.jpg 768w, https:\/\/incendiealliance.com\/wp-content\/uploads\/2024\/02\/High-008-2-1536x1022.jpg 1536w, https:\/\/incendiealliance.com\/wp-content\/uploads\/2024\/02\/High-008-2-18x12.jpg 18w, https:\/\/incendiealliance.com\/wp-content\/uploads\/2024\/02\/High-008-2.jpg 1920w\" sizes=\"(max-width: 800px) 100vw, 800px\" \/>\t\t\t\t\t\t\t\t\t\t\t\t\t\t\t<\/div>\n\t\t\t\t<\/div>\n\t\t\t\t\t<\/div>\n\t\t<\/div>\n\t\t\t\t<div class=\"elementor-column elementor-col-50 elementor-top-column elementor-element elementor-element-e915b3c\" data-id=\"e915b3c\" data-element_type=\"column\">\n\t\t\t<div class=\"elementor-widget-wrap elementor-element-populated\">\n\t\t\t\t\t\t<div class=\"elementor-element elementor-element-9e0a1d0 elementor-widget elementor-widget-elementskit-heading\" data-id=\"9e0a1d0\" data-element_type=\"widget\" data-settings=\"{&quot;_animation&quot;:&quot;none&quot;}\" data-widget_type=\"elementskit-heading.default\">\n\t\t\t\t<div class=\"elementor-widget-container\">\n\t\t\t\t\t<div class=\"ekit-wid-con\" ><div class=\"ekit-heading elementskit-section-title-wraper text_left   ekit_heading_tablet-   ekit_heading_mobile-\"><h2 class=\"ekit-heading--title elementskit-section-title\">Installation professionnelle et certifi\u00e9e<\/h2>\t\t\t\t<div class='ekit-heading__description'>\n\t\t\t\t\t<p>Confiez l\u2019installation de votre syst\u00e8me de protection incendie \u00e0 une \u00e9quipe exp\u00e9riment\u00e9e.\u00a0<\/p>\n<p>Nos techniciens certifi\u00e9s en protection incendie produisent, installent et veillent au bon fonctionnement de toutes les composantes de votre syst\u00e8me de s\u00e9curit\u00e9 :<\/p>\n\t\t\t\t<\/div>\n\t\t\t<\/div><\/div>\t\t\t\t<\/div>\n\t\t\t\t<\/div>\n\t\t\t\t<div class=\"elementor-element elementor-element-ca32328 elementor-widget elementor-widget-elementskit-heading\" data-id=\"ca32328\" data-element_type=\"widget\" data-settings=\"{&quot;_animation&quot;:&quot;none&quot;}\" data-widget_type=\"elementskit-heading.default\">\n\t\t\t\t<div class=\"elementor-widget-container\">\n\t\t\t\t\t<div class=\"ekit-wid-con\" ><div class=\"ekit-heading elementskit-section-title-wraper text_left   ekit_heading_tablet-   ekit_heading_mobile-\">\t\t\t\t<div class='ekit-heading__description'>\n\t\t\t\t\t<ul>\n<li>\n<p>syst\u00e8me de gicleurs automatiques<\/p>\n<\/li>\n<li>\n<p>salle de pompe<\/p>\n<\/li>\n<li>\n<p>entr\u00e9e d'eau<\/p>\n<\/li>\n<li>\n<p>panneau d\u2019alarme incendie<\/p>\n<\/li>\n<li>\n<p>stations manuelles d\u2019alarme<\/p>\n<\/li>\n<li>\n<p>d\u00e9tecteurs, cloches et klaxons<\/p>\n<\/li>\n<\/ul>\n\t\t\t\t<\/div>\n\t\t\t<\/div><\/div>\t\t\t\t<\/div>\n\t\t\t\t<\/div>\n\t\t\t\t<div class=\"elementor-element elementor-element-0b8b80f animated-slow elementor-widget elementor-widget-button\" data-id=\"0b8b80f\" data-element_type=\"widget\" data-settings=\"{&quot;_animation&quot;:&quot;none&quot;}\" data-widget_type=\"button.default\">\n\t\t\t\t<div class=\"elementor-widget-container\">\n\t\t\t\t\t\t\t\t\t<div class=\"elementor-button-wrapper\">\n\t\t\t\t\t<a class=\"elementor-button elementor-button-link elementor-size-sm\" href=\"https:\/\/incendiealliance.com\/en\/contact\/\">\n\t\t\t\t\t\t<span class=\"elementor-button-content-wrapper\">\n\t\t\t\t\t\t\t\t\t<span class=\"elementor-button-text\">Contactez-nous<\/span>\n\t\t\t\t\t<\/span>\n\t\t\t\t\t<\/a>\n\t\t\t\t<\/div>\n\t\t\t\t\t\t\t\t<\/div>\n\t\t\t\t<\/div>\n\t\t\t\t\t<\/div>\n\t\t<\/div>\n\t\t\t\t\t<\/div>\n\t\t<\/section>\n\t\t\t\t<section class=\"elementor-section elementor-top-section elementor-element elementor-element-060484a elementor-section-content-middle elementor-section-boxed elementor-section-height-default elementor-section-height-default\" data-id=\"060484a\" data-element_type=\"section\">\n\t\t\t\t\t\t<div class=\"elementor-container elementor-column-gap-default\">\n\t\t\t\t\t<div class=\"elementor-column elementor-col-50 elementor-top-column elementor-element elementor-element-6d637d7\" data-id=\"6d637d7\" data-element_type=\"column\">\n\t\t\t<div class=\"elementor-widget-wrap elementor-element-populated\">\n\t\t\t\t\t\t<div class=\"elementor-element elementor-element-6ffc66b elementor-widget elementor-widget-elementskit-heading\" data-id=\"6ffc66b\" data-element_type=\"widget\" data-settings=\"{&quot;_animation&quot;:&quot;none&quot;}\" data-widget_type=\"elementskit-heading.default\">\n\t\t\t\t<div class=\"elementor-widget-container\">\n\t\t\t\t\t<div class=\"ekit-wid-con\" ><div class=\"ekit-heading elementskit-section-title-wraper text_left   ekit_heading_tablet-   ekit_heading_mobile-\"><h2 class=\"ekit-heading--title elementskit-section-title\">Votre partenaire dans la pr\u00e9vention incendie<\/h2>\t\t\t\t<div class='ekit-heading__description'>\n\t\t\t\t\t<p>Nous travaillons en \u00e9troite collaboration avec nos clients pour proposer des solutions efficientes et minimiser les impacts sur vos activit\u00e9s. Ainsi, nous d\u00e9ciderons ensemble du moment appropri\u00e9 pour proc\u00e9der \u00e0 l\u2019installation du syst\u00e8me de pr\u00e9vention des incendies.<\/p>\n\t\t\t\t<\/div>\n\t\t\t<\/div><\/div>\t\t\t\t<\/div>\n\t\t\t\t<\/div>\n\t\t\t\t<div class=\"elementor-element elementor-element-86cb9f0 animated-slow elementor-widget elementor-widget-button\" data-id=\"86cb9f0\" data-element_type=\"widget\" data-settings=\"{&quot;_animation&quot;:&quot;none&quot;}\" data-widget_type=\"button.default\">\n\t\t\t\t<div class=\"elementor-widget-container\">\n\t\t\t\t\t\t\t\t\t<div class=\"elementor-button-wrapper\">\n\t\t\t\t\t<a class=\"elementor-button elementor-button-link elementor-size-sm\" href=\"https:\/\/incendiealliance.com\/en\/contact\/\">\n\t\t\t\t\t\t<span class=\"elementor-button-content-wrapper\">\n\t\t\t\t\t\t\t\t\t<span class=\"elementor-button-text\">Contactez-nous<\/span>\n\t\t\t\t\t<\/span>\n\t\t\t\t\t<\/a>\n\t\t\t\t<\/div>\n\t\t\t\t\t\t\t\t<\/div>\n\t\t\t\t<\/div>\n\t\t\t\t\t<\/div>\n\t\t<\/div>\n\t\t\t\t<div class=\"elementor-column elementor-col-50 elementor-top-column elementor-element elementor-element-8988bba\" data-id=\"8988bba\" data-element_type=\"column\">\n\t\t\t<div class=\"elementor-widget-wrap elementor-element-populated\">\n\t\t\t\t\t\t<div class=\"elementor-element elementor-element-77c1321 elementor-widget elementor-widget-image\" data-id=\"77c1321\" data-element_type=\"widget\" data-widget_type=\"image.default\">\n\t\t\t\t<div class=\"elementor-widget-container\">\n\t\t\t\t\t\t\t\t\t\t\t\t\t\t\t<img decoding=\"async\" width=\"800\" height=\"591\" src=\"https:\/\/incendiealliance.com\/wp-content\/uploads\/2024\/06\/Hero-banner-1024x756.jpg\" class=\"attachment-large size-large wp-image-13174\" alt=\"\" srcset=\"https:\/\/incendiealliance.com\/wp-content\/uploads\/2024\/06\/Hero-banner-1024x756.jpg 1024w, https:\/\/incendiealliance.com\/wp-content\/uploads\/2024\/06\/Hero-banner-300x221.jpg 300w, https:\/\/incendiealliance.com\/wp-content\/uploads\/2024\/06\/Hero-banner-768x567.jpg 768w, https:\/\/incendiealliance.com\/wp-content\/uploads\/2024\/06\/Hero-banner-1536x1133.jpg 1536w, https:\/\/incendiealliance.com\/wp-content\/uploads\/2024\/06\/Hero-banner-16x12.jpg 16w, https:\/\/incendiealliance.com\/wp-content\/uploads\/2024\/06\/Hero-banner.jpg 2048w\" sizes=\"(max-width: 800px) 100vw, 800px\" \/>\t\t\t\t\t\t\t\t\t\t\t\t\t\t\t<\/div>\n\t\t\t\t<\/div>\n\t\t\t\t\t<\/div>\n\t\t<\/div>\n\t\t\t\t\t<\/div>\n\t\t<\/section>\n\t\t\t\t<section class=\"elementor-section elementor-top-section elementor-element elementor-element-1336202 elementor-section-boxed elementor-section-height-default elementor-section-height-default\" data-id=\"1336202\" data-element_type=\"section\">\n\t\t\t\t\t\t<div class=\"elementor-container elementor-column-gap-default\">\n\t\t\t\t\t<div class=\"elementor-column elementor-col-100 elementor-top-column elementor-element elementor-element-fdec0f1\" data-id=\"fdec0f1\" data-element_type=\"column\">\n\t\t\t<div class=\"elementor-widget-wrap elementor-element-populated\">\n\t\t\t\t\t\t<section class=\"elementor-section elementor-inner-section elementor-element elementor-element-1e81904 elementor-section-boxed elementor-section-height-default elementor-section-height-default\" data-id=\"1e81904\" data-element_type=\"section\">\n\t\t\t\t\t\t<div class=\"elementor-container elementor-column-gap-default\">\n\t\t\t\t\t<div class=\"elementor-column elementor-col-50 elementor-inner-column elementor-element elementor-element-b892d8c\" data-id=\"b892d8c\" data-element_type=\"column\">\n\t\t\t<div class=\"elementor-widget-wrap\">\n\t\t\t\t\t\t\t<\/div>\n\t\t<\/div>\n\t\t\t\t<div class=\"elementor-column elementor-col-50 elementor-inner-column elementor-element elementor-element-4584670\" data-id=\"4584670\" data-element_type=\"column\">\n\t\t\t<div class=\"elementor-widget-wrap\">\n\t\t\t\t\t\t\t<\/div>\n\t\t<\/div>\n\t\t\t\t\t<\/div>\n\t\t<\/section>\n\t\t\t\t\t<\/div>\n\t\t<\/div>\n\t\t\t\t\t<\/div>\n\t\t<\/section>\n\t\t\t\t<\/div>","protected":false},"excerpt":{"rendered":"<p>INSTALLATION Accueil \/ Services \/ Installation Installation professionnelle et certifi\u00e9e Confiez l\u2019installation de votre syst\u00e8me de protection incendie \u00e0 une \u00e9quipe exp\u00e9riment\u00e9e.\u00a0 Nos techniciens certifi\u00e9s en protection incendie produisent, installent et veillent au bon fonctionnement de toutes les composantes de votre syst\u00e8me de s\u00e9curit\u00e9 : syst\u00e8me de gicleurs automatiques salle de pompe entr\u00e9e d&rsquo;eau panneau [&hellip;]<\/p>","protected":false},"author":3,"featured_media":0,"parent":0,"menu_order":0,"comment_status":"closed","ping_status":"closed","template":"","meta":{"_acf_changed":false,"footnotes":""},"class_list":["post-7509","page","type-page","status-publish","hentry"],"acf":[],"yoast_head":"<!-- This site is optimized with the Yoast SEO plugin v26.1.1 - https:\/\/yoast.com\/wordpress\/plugins\/seo\/ -->\n<title>Installation - Protection Incendie Alliance<\/title>\n<meta name=\"robots\" content=\"index, follow, max-snippet:-1, max-image-preview:large, max-video-preview:-1\" \/>\n<link rel=\"canonical\" href=\"https:\/\/incendiealliance.com\/en\/installation\/\" \/>\n<meta property=\"og:locale\" content=\"en_US\" \/>\n<meta property=\"og:type\" content=\"article\" \/>\n<meta property=\"og:title\" content=\"Installation - Protection Incendie Alliance\" \/>\n<meta property=\"og:description\" content=\"INSTALLATION Accueil \/ Services \/ Installation Installation professionnelle et certifi\u00e9e Confiez l\u2019installation de votre syst\u00e8me de protection incendie \u00e0 une \u00e9quipe exp\u00e9riment\u00e9e.\u00a0 Nos techniciens certifi\u00e9s en protection incendie produisent, installent et veillent au bon fonctionnement de toutes les composantes de votre syst\u00e8me de s\u00e9curit\u00e9 : syst\u00e8me de gicleurs automatiques salle de pompe entr\u00e9e d&rsquo;eau panneau [&hellip;]\" \/>\n<meta property=\"og:url\" content=\"https:\/\/incendiealliance.com\/en\/installation\/\" \/>\n<meta property=\"og:site_name\" content=\"Protection Incendie Alliance\" \/>\n<meta property=\"article:publisher\" content=\"https:\/\/www.facebook.com\/profile.php?id=61559184700987\" \/>\n<meta property=\"article:modified_time\" content=\"2024-06-13T16:59:03+00:00\" \/>\n<meta property=\"og:image\" content=\"https:\/\/incendiealliance.com\/wp-content\/uploads\/2024\/02\/High-008-2-1024x681.jpg\" \/>\n<meta name=\"twitter:card\" content=\"summary_large_image\" \/>\n<meta name=\"twitter:label1\" content=\"Est. reading time\" \/>\n\t<meta name=\"twitter:data1\" content=\"1 minute\" \/>\n<script type=\"application\/ld+json\" class=\"yoast-schema-graph\">{\"@context\":\"https:\/\/schema.org\",\"@graph\":[{\"@type\":\"WebPage\",\"@id\":\"https:\/\/incendiealliance.com\/installation\/\",\"url\":\"https:\/\/incendiealliance.com\/installation\/\",\"name\":\"Installation - Protection Incendie Alliance\",\"isPartOf\":{\"@id\":\"https:\/\/incendiealliance.com\/#website\"},\"primaryImageOfPage\":{\"@id\":\"https:\/\/incendiealliance.com\/installation\/#primaryimage\"},\"image\":{\"@id\":\"https:\/\/incendiealliance.com\/installation\/#primaryimage\"},\"thumbnailUrl\":\"https:\/\/incendiealliance.com\/wp-content\/uploads\/2024\/02\/High-008-2-1024x681.jpg\",\"datePublished\":\"2023-06-25T14:26:31+00:00\",\"dateModified\":\"2024-06-13T16:59:03+00:00\",\"breadcrumb\":{\"@id\":\"https:\/\/incendiealliance.com\/installation\/#breadcrumb\"},\"inLanguage\":\"en-US\",\"potentialAction\":[{\"@type\":\"ReadAction\",\"target\":[\"https:\/\/incendiealliance.com\/installation\/\"]}]},{\"@type\":\"ImageObject\",\"inLanguage\":\"en-US\",\"@id\":\"https:\/\/incendiealliance.com\/installation\/#primaryimage\",\"url\":\"https:\/\/incendiealliance.com\/wp-content\/uploads\/2024\/02\/High-008-2-1024x681.jpg\",\"contentUrl\":\"https:\/\/incendiealliance.com\/wp-content\/uploads\/2024\/02\/High-008-2-1024x681.jpg\"},{\"@type\":\"BreadcrumbList\",\"@id\":\"https:\/\/incendiealliance.com\/installation\/#breadcrumb\",\"itemListElement\":[{\"@type\":\"ListItem\",\"position\":1,\"name\":\"Accueil\",\"item\":\"https:\/\/incendiealliance.com\/\"},{\"@type\":\"ListItem\",\"position\":2,\"name\":\"Installation\"}]},{\"@type\":\"WebSite\",\"@id\":\"https:\/\/incendiealliance.com\/#website\",\"url\":\"https:\/\/incendiealliance.com\/\",\"name\":\"Protection Incendie Alliance\",\"description\":\"Expert en protection incendie \u00e0 Montr\u00e9al\",\"publisher\":{\"@id\":\"https:\/\/incendiealliance.com\/#organization\"},\"potentialAction\":[{\"@type\":\"SearchAction\",\"target\":{\"@type\":\"EntryPoint\",\"urlTemplate\":\"https:\/\/incendiealliance.com\/?s={search_term_string}\"},\"query-input\":{\"@type\":\"PropertyValueSpecification\",\"valueRequired\":true,\"valueName\":\"search_term_string\"}}],\"inLanguage\":\"en-US\"},{\"@type\":[\"Organization\",\"Place\",\"ProfessionalService\"],\"@id\":\"https:\/\/incendiealliance.com\/#organization\",\"name\":\"Protection Incendie Alliance\",\"url\":\"https:\/\/incendiealliance.com\/\",\"logo\":{\"@id\":\"https:\/\/incendiealliance.com\/installation\/#local-main-organization-logo\"},\"image\":{\"@id\":\"https:\/\/incendiealliance.com\/installation\/#local-main-organization-logo\"},\"sameAs\":[\"https:\/\/www.facebook.com\/profile.php?id=61559184700987\",\"https:\/\/www.linkedin.com\/company\/protection-incendie-glb\/\"],\"address\":{\"@id\":\"https:\/\/incendiealliance.com\/installation\/#local-main-place-address\"},\"telephone\":[],\"openingHoursSpecification\":[{\"@type\":\"OpeningHoursSpecification\",\"dayOfWeek\":[\"Monday\",\"Tuesday\",\"Wednesday\",\"Thursday\",\"Friday\",\"Saturday\",\"Sunday\"],\"opens\":\"09:00\",\"closes\":\"17:00\"}],\"email\":\"info@incendieglb.com\",\"faxNumber\":\"Protection Incendie GLB\"},{\"@type\":\"PostalAddress\",\"@id\":\"https:\/\/incendiealliance.com\/installation\/#local-main-place-address\",\"streetAddress\":\"1802 Rte de l'A\u00e9roport\",\"addressLocality\":\"Qu\u00e9bec\",\"postalCode\":\"G2G 2P7\",\"addressRegion\":\"Quebec\",\"addressCountry\":\"CA\"},{\"@type\":\"ImageObject\",\"inLanguage\":\"en-US\",\"@id\":\"https:\/\/incendiealliance.com\/installation\/#local-main-organization-logo\",\"url\":\"https:\/\/incendiealliance.com\/wp-content\/uploads\/2024\/02\/cropped-mstile-310x310-1.png\",\"contentUrl\":\"https:\/\/incendiealliance.com\/wp-content\/uploads\/2024\/02\/cropped-mstile-310x310-1.png\",\"width\":512,\"height\":512,\"caption\":\"Protection Incendie Alliance\"}]}<\/script>\n<meta name=\"geo.placename\" content=\"Qu\u00e9bec\" \/>\n<meta name=\"geo.region\" content=\"Canada\" \/>\n<!-- \/ Yoast SEO plugin. -->","yoast_head_json":{"title":"Installation - Protection Incendie Alliance","robots":{"index":"index","follow":"follow","max-snippet":"max-snippet:-1","max-image-preview":"max-image-preview:large","max-video-preview":"max-video-preview:-1"},"canonical":"https:\/\/incendiealliance.com\/en\/installation\/","og_locale":"en_US","og_type":"article","og_title":"Installation - Protection Incendie Alliance","og_description":"INSTALLATION Accueil \/ Services \/ Installation Installation professionnelle et certifi\u00e9e Confiez l\u2019installation de votre syst\u00e8me de protection incendie \u00e0 une \u00e9quipe exp\u00e9riment\u00e9e.\u00a0 Nos techniciens certifi\u00e9s en protection incendie produisent, installent et veillent au bon fonctionnement de toutes les composantes de votre syst\u00e8me de s\u00e9curit\u00e9 : syst\u00e8me de gicleurs automatiques salle de pompe entr\u00e9e d&rsquo;eau panneau [&hellip;]","og_url":"https:\/\/incendiealliance.com\/en\/installation\/","og_site_name":"Protection Incendie Alliance","article_publisher":"https:\/\/www.facebook.com\/profile.php?id=61559184700987","article_modified_time":"2024-06-13T16:59:03+00:00","og_image":[{"url":"https:\/\/incendiealliance.com\/wp-content\/uploads\/2024\/02\/High-008-2-1024x681.jpg","type":"","width":"","height":""}],"twitter_card":"summary_large_image","twitter_misc":{"Est. reading time":"1 minute"},"schema":{"@context":"https:\/\/schema.org","@graph":[{"@type":"WebPage","@id":"https:\/\/incendiealliance.com\/installation\/","url":"https:\/\/incendiealliance.com\/installation\/","name":"Installation - Protection Incendie Alliance","isPartOf":{"@id":"https:\/\/incendiealliance.com\/#website"},"primaryImageOfPage":{"@id":"https:\/\/incendiealliance.com\/installation\/#primaryimage"},"image":{"@id":"https:\/\/incendiealliance.com\/installation\/#primaryimage"},"thumbnailUrl":"https:\/\/incendiealliance.com\/wp-content\/uploads\/2024\/02\/High-008-2-1024x681.jpg","datePublished":"2023-06-25T14:26:31+00:00","dateModified":"2024-06-13T16:59:03+00:00","breadcrumb":{"@id":"https:\/\/incendiealliance.com\/installation\/#breadcrumb"},"inLanguage":"en-US","potentialAction":[{"@type":"ReadAction","target":["https:\/\/incendiealliance.com\/installation\/"]}]},{"@type":"ImageObject","inLanguage":"en-US","@id":"https:\/\/incendiealliance.com\/installation\/#primaryimage","url":"https:\/\/incendiealliance.com\/wp-content\/uploads\/2024\/02\/High-008-2-1024x681.jpg","contentUrl":"https:\/\/incendiealliance.com\/wp-content\/uploads\/2024\/02\/High-008-2-1024x681.jpg"},{"@type":"BreadcrumbList","@id":"https:\/\/incendiealliance.com\/installation\/#breadcrumb","itemListElement":[{"@type":"ListItem","position":1,"name":"Accueil","item":"https:\/\/incendiealliance.com\/"},{"@type":"ListItem","position":2,"name":"Installation"}]},{"@type":"WebSite","@id":"https:\/\/incendiealliance.com\/#website","url":"https:\/\/incendiealliance.com\/","name":"Protection Incendie Alliance","description":"Expert en protection incendie \u00e0 Montr\u00e9al","publisher":{"@id":"https:\/\/incendiealliance.com\/#organization"},"potentialAction":[{"@type":"SearchAction","target":{"@type":"EntryPoint","urlTemplate":"https:\/\/incendiealliance.com\/?s={search_term_string}"},"query-input":{"@type":"PropertyValueSpecification","valueRequired":true,"valueName":"search_term_string"}}],"inLanguage":"en-US"},{"@type":["Organization","Place","ProfessionalService"],"@id":"https:\/\/incendiealliance.com\/#organization","name":"Protection Incendie Alliance","url":"https:\/\/incendiealliance.com\/","logo":{"@id":"https:\/\/incendiealliance.com\/installation\/#local-main-organization-logo"},"image":{"@id":"https:\/\/incendiealliance.com\/installation\/#local-main-organization-logo"},"sameAs":["https:\/\/www.facebook.com\/profile.php?id=61559184700987","https:\/\/www.linkedin.com\/company\/protection-incendie-glb\/"],"address":{"@id":"https:\/\/incendiealliance.com\/installation\/#local-main-place-address"},"telephone":[],"openingHoursSpecification":[{"@type":"OpeningHoursSpecification","dayOfWeek":["Monday","Tuesday","Wednesday","Thursday","Friday","Saturday","Sunday"],"opens":"09:00","closes":"17:00"}],"email":"info@incendieglb.com","faxNumber":"Protection Incendie GLB"},{"@type":"PostalAddress","@id":"https:\/\/incendiealliance.com\/installation\/#local-main-place-address","streetAddress":"1802 Rte de l'A\u00e9roport","addressLocality":"Qu\u00e9bec","postalCode":"G2G 2P7","addressRegion":"Quebec","addressCountry":"CA"},{"@type":"ImageObject","inLanguage":"en-US","@id":"https:\/\/incendiealliance.com\/installation\/#local-main-organization-logo","url":"https:\/\/incendiealliance.com\/wp-content\/uploads\/2024\/02\/cropped-mstile-310x310-1.png","contentUrl":"https:\/\/incendiealliance.com\/wp-content\/uploads\/2024\/02\/cropped-mstile-310x310-1.png","width":512,"height":512,"caption":"Protection Incendie Alliance"}]},"geo.placename":"Qu\u00e9bec","geo.region":"Canada"},"_links":{"self":[{"href":"https:\/\/incendiealliance.com\/en\/wp-json\/wp\/v2\/pages\/7509","targetHints":{"allow":["GET"]}}],"collection":[{"href":"https:\/\/incendiealliance.com\/en\/wp-json\/wp\/v2\/pages"}],"about":[{"href":"https:\/\/incendiealliance.com\/en\/wp-json\/wp\/v2\/types\/page"}],"author":[{"embeddable":true,"href":"https:\/\/incendiealliance.com\/en\/wp-json\/wp\/v2\/users\/3"}],"replies":[{"embeddable":true,"href":"https:\/\/incendiealliance.com\/en\/wp-json\/wp\/v2\/comments?post=7509"}],"version-history":[{"count":0,"href":"https:\/\/incendiealliance.com\/en\/wp-json\/wp\/v2\/pages\/7509\/revisions"}],"wp:attachment":[{"href":"https:\/\/incendiealliance.com\/en\/wp-json\/wp\/v2\/media?parent=7509"}],"curies":[{"name":"wp","href":"https:\/\/api.w.org\/{rel}","templated":true}]}}